{"id":214,"date":"2017-04-13T12:35:26","date_gmt":"2017-04-13T12:35:26","guid":{"rendered":"https:\/\/juiceproducts.hu\/?page_id=214\/"},"modified":"2022-03-24T08:36:34","modified_gmt":"2022-03-24T08:36:34","slug":"start","status":"publish","type":"page","link":"https:\/\/juiceproducts.hu\/de\/","title":{"rendered":"START"},"content":{"rendered":"[mk_page_section full_width=&#8220;true&#8220; padding_top=&#8220;0&#8243; padding_bottom=&#8220;0&#8243; section_id=&#8220;start&#8220; sidebar=&#8220;sidebar-1&#8243;][vc_column][mk_edge_slider first_el=&#8220;true&#8220; swiper_bg=&#8220;#000000&#8243; parallax=&#8220;true&#8220; order=&#8220;ASC&#8220; direction_nav=&#8220;thumbflip&#8220; pagination=&#8220;none&#8220;][\/vc_column][\/mk_page_section][mk_page_section section_id=&#8220;uberuns&#8220; sidebar=&#8220;sidebar-1&#8243;][vc_column][vc_empty_space height=&#8220;100px&#8220;][vc_separator color=&#8220;custom&#8220; accent_color=&#8220;rgba(45,243,63,0.6)&#8220; css=&#8220;.vc_custom_1476965038692{margin-bottom: 15px !important;}&#8220;][\/vc_column][vc_column width=&#8220;1\/3&#8243;][mk_fancy_title color=&#8220;#28d63c&#8220; size=&#8220;40&#8243; force_font_size=&#8220;true&#8220; size_tablet=&#8220;35&#8243; size_phone=&#8220;25&#8243; font_weight=&#8220;300&#8243; txt_transform=&#8220;uppercase&#8220; font_family=&#8220;none&#8220;]\u00dcBER UNS[\/mk_fancy_title][vc_single_image image=&#8220;95&#8243; img_size=&#8220;330&#215;410&#8243;][\/vc_column][vc_column width=&#8220;1\/3&#8243;][vc_column_text]\n<p style=\"text-align: justify;\">\u2019Juice Products Zrt.\u2019 ist ein Familienbetrieb, der seit 1995 in der Landwirtschaft und Lebensmittelindustrie t\u00e4tig ist. Der Gr\u00fcnder des Unternehmens, Zsolt Rib\u00e1rszki, arbeitete viele Jahre als Elektroingenieur, Systemberater und Export-Import-Kaufmann in \u00d6sterreich. Als er nach Hause zur\u00fcckkehrte, machte er seinen die alten Bauernh\u00f6fe im Familienbesitz und eine neue, moderne Verarbeitungsanlage umfassenden Traum wahr. Sein Ziel war, eine Anlage f\u00fcr die Herstellung von hochwertigen Produkten zu schaffen, die sowohl die Bewahrung der traditionellen Werte gew\u00e4hrleisten, als auch den Anforderungen des 21. Jahrhunderts gerecht werden kann. Der erste Schritt war, die Bauernh\u00f6fe im Familienbesitz dreifach zu vergr\u00f6\u00dfern, und der Gewinn daraus erm\u00f6glichte die weiteren Entwicklungen.<\/p>\n[\/vc_column_text][\/vc_column][vc_column width=&#8220;1\/3&#8243;][vc_column_text]\n<p style=\"text-align: justify;\">Die verschiedenen Produkte haben das wichtigste Merkmal gemeinsam: die hochwertigen Rohstoffe, die aus \u00f6kologischem Landbau mit Hagelschutznetzen und Bew\u00e4sserungssystem stammen, die auch westlichen Standards entsprechen. Wir arbeiten nach ISO-Qualit\u00e4tssicherungs- und Nachverfolgungssystem, um alle Qualit\u00e4ts- und Lebensmittelsicherheitsanforderungen zu erf\u00fcllen.<br \/>\nUnser Betrieb verf\u00fcgt \u00fcber Bio-Zertifikat. Unser Unternehmen war das einzige in der Region, das den Titel &#8222;Demonstrationsbetrieb des Agrarministeriums&#8220; verdiente. Unsere Firma ist der ausschliessliche Besitzer der eingetragenen Schutzmarke Greenjoy\u00ae in Ungarn.<\/p>\n[\/vc_column_text][\/vc_column][vc_column][vc_empty_space height=&#8220;22px&#8220;][\/vc_column][\/mk_page_section][mk_page_section][vc_column][vc_video link=&#8220;https:\/\/www.youtube.com\/watch?v=Yl4vJsLMgf4&#8243;][vc_empty_space height=&#8220;50px&#8220;][\/vc_column][\/mk_page_section][mk_page_section bg_image=&#8220;https:\/\/juiceproducts.hu\/wp-content\/uploads\/2016\/10\/levelbg.jpg&#8220; bg_color=&#8220;#2df33f&#8220; bg_position=&#8220;center center&#8220; bg_repeat=&#8220;no-repeat&#8220; bg_stretch=&#8220;true&#8220; enable_3d=&#8220;true&#8220; video_mask=&#8220;true&#8220; section_id=&#8220;naturatum&#8220; sidebar=&#8220;sidebar-1&#8243;][vc_column][vc_empty_space height=&#8220;100px&#8220;][vc_separator color=&#8220;custom&#8220; accent_color=&#8220;rgba(255,255,255,0.6)&#8220; css=&#8220;.vc_custom_1476967023109{margin-bottom: 15px !important;}&#8220;][\/vc_column][vc_column width=&#8220;1\/3&#8243;][mk_fancy_title color=&#8220;#ffffff&#8220; size=&#8220;40&#8243; force_font_size=&#8220;true&#8220; size_tablet=&#8220;35&#8243; size_phone=&#8220;35&#8243; font_weight=&#8220;400&#8243; txt_transform=&#8220;uppercase&#8220; font_family=&#8220;none&#8220;]NATURATUM[\/mk_fancy_title][\/vc_column][vc_column width=&#8220;1\/3&#8243;][vc_column_text]\n<h5 style=\"text-align: justify;\"><span style=\"color: #ffffff;\">WAS IST NATURATUM?<\/span><\/h5>\n<p style=\"text-align: justify;\"><span style=\"color: #ffffff;\">Pasteurisiertes Getr\u00e4nk aus mikro-homogenisiertem Obst- und Gem\u00fcsep\u00fcree mit Frucht- und Gem\u00fcsesamen\u00f6l und Extrakte von Kr\u00e4utern und Gew\u00fcrzen.<\/span><\/p>\n[\/vc_column_text][\/vc_column][vc_column width=&#8220;1\/3&#8243;][vc_column_text]\n<h5 style=\"text-align: justify;\"><span style=\"color: #ffffff;\">WIE WIRD ES HERGESTELLT?<\/span><\/h5>\n<p style=\"text-align: justify;\"><span style=\"color: #ffffff;\">Es wird aus Fruchtfleisch, Schale und Samen\u00f6l von hohem N\u00e4hrwert hergestellt. Ausschliesslich von frischen Fr\u00fcchten, nicht aus Konzentraten, sanft pasteurisiert. Es ist die ganze Frucht in fl\u00fcssiger Form.<\/span><\/p>\n[\/vc_column_text][\/vc_column][vc_column][vc_empty_space height=&#8220;100px&#8220;][\/vc_column][\/mk_page_section][mk_page_section attachment=&#8220;fixed&#8220; bg_position=&#8220;center center&#8220; bg_repeat=&#8220;no-repeat&#8220; bg_stretch=&#8220;true&#8220; video_opacity=&#8220;0.8&#8243; full_width=&#8220;true&#8220; padding_top=&#8220;0&#8243; padding_bottom=&#8220;0&#8243; section_id=&#8220;bildergalerie&#8220; sidebar=&#8220;sidebar-1&#8243;][vc_column][mk_gallery images=&#8220;124,125,126,128,129,130,131,132,133,134,135,136,137,138,139,140,141,142,143,95&#8243; column=&#8220;5&#8243; height=&#8220;150&#8243; hover_scenarios=&#8220;grayscale&#8220; item_spacing=&#8220;0&#8243; margin_bottom=&#8220;0&#8243; pagination=&#8220;true&#8220; count=&#8220;20&#8243;][\/vc_column][\/mk_page_section][mk_page_section bg_color=&#8220;#191919&#8243; section_id=&#8220;kontakt&#8220; sidebar=&#8220;sidebar-1&#8243;][vc_column][vc_empty_space height=&#8220;100px&#8220;][vc_separator color=&#8220;custom&#8220; accent_color=&#8220;#2df33f&#8220; css=&#8220;.vc_custom_1478613431679{margin-bottom: 15px !important;}&#8220;][mk_fancy_title color=&#8220;#2df33f&#8220; size=&#8220;40&#8243; force_font_size=&#8220;true&#8220; size_tablet=&#8220;35&#8243; size_phone=&#8220;25&#8243; font_weight=&#8220;300&#8243; txt_transform=&#8220;uppercase&#8220; font_family=&#8220;none&#8220;]KONTAKT[\/mk_fancy_title][\/vc_column][vc_column][mk_contact_form skin=&#8220;light&#8220; gdpr_consent_text=&#8220;Ich habe die Datenschutzerkl\u00e4rung gelesen und stimme ihr zu&#8220;][\/vc_column][vc_column][vc_empty_space height=&#8220;100px&#8220;][\/vc_column][\/mk_page_section]\n","protected":false},"excerpt":{"rendered":"<p>[mk_page_section full_width=&#8220;true&#8220; padding_top=&#8220;0&#8243; padding_bottom=&#8220;0&#8243; section_id=&#8220;start&#8220; sidebar=&#8220;sidebar-1&#8243;][vc_column][mk_edge_slider first_el=&#8220;true&#8220; swiper_bg=&#8220;#000000&#8243; parallax=&#8220;true&#8220; order=&#8220;ASC&#8220; direction_nav=&#8220;thumbflip&#8220; pagination=&#8220;none&#8220;][\/vc_column][\/mk_page_section][mk_page_section section_id=&#8220;uberuns&#8220; sidebar=&#8220;sidebar-1&#8243;][vc_column][vc_empty_space height=&#8220;100px&#8220;][vc_separator color=&#8220;custom&#8220; accent_color=&#8220;rgba(45,243,63,0.6)&#8220; css=&#8220;.vc_custom_1476965038692{margin-bottom: 15px !important;}&#8220;][\/vc_column][vc_column width=&#8220;1\/3&#8243;][mk_fancy_title color=&#8220;#28d63c&#8220; size=&#8220;40&#8243; force_font_size=&#8220;true&#8220; size_tablet=&#8220;35&#8243; size_phone=&#8220;25&#8243; font_weight=&#8220;300&#8243; txt_transform=&#8220;uppercase&#8220; font_family=&#8220;none&#8220;]\u00dcBER UNS[\/mk_fancy_title][vc_single_image image=&#8220;95&#8243; img_size=&#8220;330&#215;410&#8243;][\/vc_column][vc_column width=&#8220;1\/3&#8243;][vc_column_text] \u2019Juice Products Zrt.\u2019 ist ein Familienbetrieb, der seit 1995 in der Landwirtschaft und Lebensmittelindustrie t\u00e4tig ist. Der Gr\u00fcnder des Unternehmens, Zsolt Rib\u00e1rszki, [&hellip;]<\/p>\n","protected":false},"author":1,"featured_media":0,"parent":0,"menu_order":0,"comment_status":"closed","ping_status":"closed","template":"","meta":[],"yoast_head":"<!-- This site is optimized with the Yoast SEO plugin v18.4.1 - https:\/\/yoast.com\/wordpress\/plugins\/seo\/ -->\n<title>START - GREENJOY<\/title>\n<meta name=\"robots\" content=\"index, follow, max-snippet:-1, max-image-preview:large, max-video-preview:-1\" \/>\n<link rel=\"canonical\" href=\"https:\/\/juiceproducts.hu\/de\/\" \/>\n<meta property=\"og:locale\" content=\"de_DE\" \/>\n<meta property=\"og:type\" content=\"article\" \/>\n<meta property=\"og:title\" content=\"START - GREENJOY\" \/>\n<meta property=\"og:description\" content=\"[mk_page_section full_width=&#8220;true&#8220; padding_top=&#8220;0&#8243; padding_bottom=&#8220;0&#8243; section_id=&#8220;start&#8220; sidebar=&#8220;sidebar-1&#8243;][vc_column][mk_edge_slider first_el=&#8220;true&#8220; swiper_bg=&#8220;#000000&#8243; parallax=&#8220;true&#8220; order=&#8220;ASC&#8220; direction_nav=&#8220;thumbflip&#8220; pagination=&#8220;none&#8220;][\/vc_column][\/mk_page_section][mk_page_section section_id=&#8220;uberuns&#8220; sidebar=&#8220;sidebar-1&#8243;][vc_column][vc_empty_space height=&#8220;100px&#8220;][vc_separator color=&#8220;custom&#8220; accent_color=&#8220;rgba(45,243,63,0.6)&#8220; css=&#8220;.vc_custom_1476965038692{margin-bottom: 15px !important;}&#8220;][\/vc_column][vc_column width=&#8220;1\/3&#8243;][mk_fancy_title color=&#8220;#28d63c&#8220; size=&#8220;40&#8243; force_font_size=&#8220;true&#8220; size_tablet=&#8220;35&#8243; size_phone=&#8220;25&#8243; font_weight=&#8220;300&#8243; txt_transform=&#8220;uppercase&#8220; font_family=&#8220;none&#8220;]\u00dcBER UNS[\/mk_fancy_title][vc_single_image image=&#8220;95&#8243; img_size=&#8220;330&#215;410&#8243;][\/vc_column][vc_column width=&#8220;1\/3&#8243;][vc_column_text] \u2019Juice Products Zrt.\u2019 ist ein Familienbetrieb, der seit 1995 in der Landwirtschaft und Lebensmittelindustrie t\u00e4tig ist. Der Gr\u00fcnder des Unternehmens, Zsolt Rib\u00e1rszki, [&hellip;]\" \/>\n<meta property=\"og:url\" content=\"https:\/\/juiceproducts.hu\/de\/\" \/>\n<meta property=\"og:site_name\" content=\"GREENJOY\" \/>\n<meta property=\"article:modified_time\" content=\"2022-03-24T08:36:34+00:00\" \/>\n<meta property=\"og:image\" content=\"https:\/\/juiceproducts.hu\/wp-content\/uploads\/2016\/10\/fruit-background-2.jpg\" \/>\n\t<meta property=\"og:image:width\" content=\"1920\" \/>\n\t<meta property=\"og:image:height\" content=\"1200\" \/>\n\t<meta property=\"og:image:type\" content=\"image\/jpeg\" \/>\n<meta name=\"twitter:card\" content=\"summary_large_image\" \/>\n<meta name=\"twitter:label1\" content=\"Gesch\u00e4tzte Lesezeit\" \/>\n\t<meta name=\"twitter:data1\" content=\"2\u00a0Minuten\" \/>\n<script type=\"application\/ld+json\" class=\"yoast-schema-graph\">{\"@context\":\"https:\/\/schema.org\",\"@graph\":[{\"@type\":\"WebSite\",\"@id\":\"https:\/\/juiceproducts.hu\/#website\",\"url\":\"https:\/\/juiceproducts.hu\/\",\"name\":\"GREENJOY\",\"description\":\"Live the Feeling\",\"potentialAction\":[{\"@type\":\"SearchAction\",\"target\":{\"@type\":\"EntryPoint\",\"urlTemplate\":\"https:\/\/juiceproducts.hu\/?s={search_term_string}\"},\"query-input\":\"required name=search_term_string\"}],\"inLanguage\":\"de\"},{\"@type\":\"WebPage\",\"@id\":\"https:\/\/juiceproducts.hu\/de\/#webpage\",\"url\":\"https:\/\/juiceproducts.hu\/de\/\",\"name\":\"START - GREENJOY\",\"isPartOf\":{\"@id\":\"https:\/\/juiceproducts.hu\/#website\"},\"datePublished\":\"2017-04-13T12:35:26+00:00\",\"dateModified\":\"2022-03-24T08:36:34+00:00\",\"breadcrumb\":{\"@id\":\"https:\/\/juiceproducts.hu\/de\/#breadcrumb\"},\"inLanguage\":\"de\",\"potentialAction\":[{\"@type\":\"ReadAction\",\"target\":[\"https:\/\/juiceproducts.hu\/de\/\"]}]},{\"@type\":\"BreadcrumbList\",\"@id\":\"https:\/\/juiceproducts.hu\/de\/#breadcrumb\",\"itemListElement\":[{\"@type\":\"ListItem\",\"position\":1,\"name\":\"Home\",\"item\":\"https:\/\/juiceproducts.hu\/de\/\"},{\"@type\":\"ListItem\",\"position\":2,\"name\":\"START\"}]}]}<\/script>\n<!-- \/ Yoast SEO plugin. -->","yoast_head_json":{"title":"START - GREENJOY","robots":{"index":"index","follow":"follow","max-snippet":"max-snippet:-1","max-image-preview":"max-image-preview:large","max-video-preview":"max-video-preview:-1"},"canonical":"https:\/\/juiceproducts.hu\/de\/","og_locale":"de_DE","og_type":"article","og_title":"START - GREENJOY","og_description":"[mk_page_section full_width=&#8220;true&#8220; padding_top=&#8220;0&#8243; padding_bottom=&#8220;0&#8243; section_id=&#8220;start&#8220; sidebar=&#8220;sidebar-1&#8243;][vc_column][mk_edge_slider first_el=&#8220;true&#8220; swiper_bg=&#8220;#000000&#8243; parallax=&#8220;true&#8220; order=&#8220;ASC&#8220; direction_nav=&#8220;thumbflip&#8220; pagination=&#8220;none&#8220;][\/vc_column][\/mk_page_section][mk_page_section section_id=&#8220;uberuns&#8220; sidebar=&#8220;sidebar-1&#8243;][vc_column][vc_empty_space height=&#8220;100px&#8220;][vc_separator color=&#8220;custom&#8220; accent_color=&#8220;rgba(45,243,63,0.6)&#8220; css=&#8220;.vc_custom_1476965038692{margin-bottom: 15px !important;}&#8220;][\/vc_column][vc_column width=&#8220;1\/3&#8243;][mk_fancy_title color=&#8220;#28d63c&#8220; size=&#8220;40&#8243; force_font_size=&#8220;true&#8220; size_tablet=&#8220;35&#8243; size_phone=&#8220;25&#8243; font_weight=&#8220;300&#8243; txt_transform=&#8220;uppercase&#8220; font_family=&#8220;none&#8220;]\u00dcBER UNS[\/mk_fancy_title][vc_single_image image=&#8220;95&#8243; img_size=&#8220;330&#215;410&#8243;][\/vc_column][vc_column width=&#8220;1\/3&#8243;][vc_column_text] \u2019Juice Products Zrt.\u2019 ist ein Familienbetrieb, der seit 1995 in der Landwirtschaft und Lebensmittelindustrie t\u00e4tig ist. Der Gr\u00fcnder des Unternehmens, Zsolt Rib\u00e1rszki, [&hellip;]","og_url":"https:\/\/juiceproducts.hu\/de\/","og_site_name":"GREENJOY","article_modified_time":"2022-03-24T08:36:34+00:00","og_image":[{"width":1920,"height":1200,"url":"https:\/\/juiceproducts.hu\/wp-content\/uploads\/2016\/10\/fruit-background-2.jpg","type":"image\/jpeg"}],"twitter_card":"summary_large_image","twitter_misc":{"Gesch\u00e4tzte Lesezeit":"2\u00a0Minuten"},"schema":{"@context":"https:\/\/schema.org","@graph":[{"@type":"WebSite","@id":"https:\/\/juiceproducts.hu\/#website","url":"https:\/\/juiceproducts.hu\/","name":"GREENJOY","description":"Live the Feeling","potentialAction":[{"@type":"SearchAction","target":{"@type":"EntryPoint","urlTemplate":"https:\/\/juiceproducts.hu\/?s={search_term_string}"},"query-input":"required name=search_term_string"}],"inLanguage":"de"},{"@type":"WebPage","@id":"https:\/\/juiceproducts.hu\/de\/#webpage","url":"https:\/\/juiceproducts.hu\/de\/","name":"START - GREENJOY","isPartOf":{"@id":"https:\/\/juiceproducts.hu\/#website"},"datePublished":"2017-04-13T12:35:26+00:00","dateModified":"2022-03-24T08:36:34+00:00","breadcrumb":{"@id":"https:\/\/juiceproducts.hu\/de\/#breadcrumb"},"inLanguage":"de","potentialAction":[{"@type":"ReadAction","target":["https:\/\/juiceproducts.hu\/de\/"]}]},{"@type":"BreadcrumbList","@id":"https:\/\/juiceproducts.hu\/de\/#breadcrumb","itemListElement":[{"@type":"ListItem","position":1,"name":"Home","item":"https:\/\/juiceproducts.hu\/de\/"},{"@type":"ListItem","position":2,"name":"START"}]}]}},"_links":{"self":[{"href":"https:\/\/juiceproducts.hu\/de\/wp-json\/wp\/v2\/pages\/214"}],"collection":[{"href":"https:\/\/juiceproducts.hu\/de\/wp-json\/wp\/v2\/pages"}],"about":[{"href":"https:\/\/juiceproducts.hu\/de\/wp-json\/wp\/v2\/types\/page"}],"author":[{"embeddable":true,"href":"https:\/\/juiceproducts.hu\/de\/wp-json\/wp\/v2\/users\/1"}],"replies":[{"embeddable":true,"href":"https:\/\/juiceproducts.hu\/de\/wp-json\/wp\/v2\/comments?post=214"}],"version-history":[{"count":8,"href":"https:\/\/juiceproducts.hu\/de\/wp-json\/wp\/v2\/pages\/214\/revisions"}],"predecessor-version":[{"id":750,"href":"https:\/\/juiceproducts.hu\/de\/wp-json\/wp\/v2\/pages\/214\/revisions\/750"}],"wp:attachment":[{"href":"https:\/\/juiceproducts.hu\/de\/wp-json\/wp\/v2\/media?parent=214"}],"curies":[{"name":"wp","href":"https:\/\/api.w.org\/{rel}","templated":true}]}}